{"id":163,"date":"2019-07-26T14:57:58","date_gmt":"2019-07-26T14:57:58","guid":{"rendered":"http:\/\/wheelieschool.be\/winkelmand\/"},"modified":"2022-11-14T18:50:16","modified_gmt":"2022-11-14T16:50:16","slug":"shopping-cart","status":"publish","type":"page","link":"https:\/\/wheelieschool.be\/en\/winkelmand\/","title":{"rendered":"Shopping cart"},"content":{"rendered":"<div data-elementor-type=\"wp-page\" data-elementor-id=\"163\" class=\"elementor elementor-163\" data-elementor-post-type=\"page\">\n\t\t\t\t\t\t<section class=\"elementor-section elementor-top-section elementor-element elementor-element-788ba0b3 elementor-section-boxed elementor-section-height-default elementor-section-height-default\" data-id=\"788ba0b3\" data-element_type=\"section\" data-e-type=\"section\">\n\t\t\t\t\t\t<div class=\"elementor-container elementor-column-gap-default\">\n\t\t\t\t\t<div class=\"elementor-column elementor-col-100 elementor-top-column elementor-element elementor-element-2b33bf85\" data-id=\"2b33bf85\" data-element_type=\"column\" data-e-type=\"column\">\n\t\t\t<div class=\"elementor-widget-wrap elementor-element-populated\">\n\t\t\t\t\t\t\t<\/div>\n\t\t<\/div>\n\t\t\t\t\t<\/div>\n\t\t<\/section>\n\t\t\t\t<\/div>","protected":false},"excerpt":{"rendered":"<p>Artikel verwijderen Miniatuurafbeelding Product Prijs Aantal Subtotaal &times; T-shirt &#8220;Eat Sleep Wheelie&#8221; zwart &#8211; XS Op voorraad &euro;29,95 T-shirt &quot;Eat Sleep Wheelie&quot; zwart &#8211; XS aantal &euro;29,95 Winkelmand vernieuwen Cadeaubon Winkelmand totaal Subtotaal &euro;29,95 Verzending Gratis verzending De verzendopties worden bij het afrekenen ge\u00fcpdatet. Bereken verzendkosten Land\/regio: Selecteer een land\/regio\u2026AfghanistanAland eilandenAlbani\u00ebAlgerijeAmerikaans-SamoaAndorraAngolaAnguillaAntarcticaAntigua en BarbudaArgentini\u00ebArmeni\u00ebArubaAustrali\u00ebAzerbeidzjanBahamasBahreinBangladeshBarbadosBelauBelgi\u00ebBelizeBeninBermudaBhutanBoeroendiBoliviaBonaire, Sint Eustatius [&hellip;]<\/p>\n","protected":false},"author":1,"featured_media":0,"parent":0,"menu_order":0,"comment_status":"closed","ping_status":"closed","template":"","meta":{"footnotes":""},"class_list":["post-163","page","type-page","status-publish","hentry"],"_links":{"self":[{"href":"https:\/\/wheelieschool.be\/en\/wp-json\/wp\/v2\/pages\/163","targetHints":{"allow":["GET"]}}],"collection":[{"href":"https:\/\/wheelieschool.be\/en\/wp-json\/wp\/v2\/pages"}],"about":[{"href":"https:\/\/wheelieschool.be\/en\/wp-json\/wp\/v2\/types\/page"}],"author":[{"embeddable":true,"href":"https:\/\/wheelieschool.be\/en\/wp-json\/wp\/v2\/users\/1"}],"replies":[{"embeddable":true,"href":"https:\/\/wheelieschool.be\/en\/wp-json\/wp\/v2\/comments?post=163"}],"version-history":[{"count":0,"href":"https:\/\/wheelieschool.be\/en\/wp-json\/wp\/v2\/pages\/163\/revisions"}],"wp:attachment":[{"href":"https:\/\/wheelieschool.be\/en\/wp-json\/wp\/v2\/media?parent=163"}],"curies":[{"name":"wp","href":"https:\/\/api.w.org\/{rel}","templated":true}]}}